{"id":24363,"date":"2015-06-26T11:33:18","date_gmt":"2015-06-26T09:33:18","guid":{"rendered":"https:\/\/undsgn.com\/uncode_new\/?page_id=24363"},"modified":"2019-09-23T12:39:19","modified_gmt":"2019-09-23T10:39:19","slug":"privacy-policy","status":"publish","type":"page","link":"http:\/\/epocaepica.com\/index.php\/privacy-policy\/","title":{"rendered":"Privacy Policy"},"content":{"rendered":"<p>[vc_row row_height_percent=&#8221;0&#8243; override_padding=&#8221;yes&#8221; h_padding=&#8221;2&#8243; top_padding=&#8221;4&#8243; bottom_padding=&#8221;0&#8243; overlay_alpha=&#8221;50&#8243; gutter_size=&#8221;3&#8243; shift_y=&#8221;0&#8243;][vc_column column_width_percent=&#8221;100&#8243; align_horizontal=&#8221;align_center&#8221; overlay_alpha=&#8221;50&#8243; gutter_size=&#8221;3&#8243; medium_width=&#8221;0&#8243; shift_x=&#8221;0&#8243; shift_y=&#8221;0&#8243; z_index=&#8221;0&#8243;][vc_custom_heading heading_semantic=&#8221;h1&#8243; text_size=&#8221;fontsize-338686&#8243; text_space=&#8221;fontspace-111509&#8243; text_font=&#8221;font-762333&#8243; text_weight=&#8221;700&#8243; separator=&#8221;yes&#8221; separator_color=&#8221;yes&#8221; separator_double=&#8221;yes&#8221;]Privacy Policy[\/vc_custom_heading][\/vc_column][\/vc_row][vc_row row_height_percent=&#8221;0&#8243; override_padding=&#8221;yes&#8221; h_padding=&#8221;2&#8243; top_padding=&#8221;2&#8243; bottom_padding=&#8221;4&#8243; overlay_alpha=&#8221;50&#8243; gutter_size=&#8221;3&#8243; shift_y=&#8221;0&#8243;][vc_column column_width_percent=&#8221;100&#8243; overlay_alpha=&#8221;50&#8243; gutter_size=&#8221;3&#8243; medium_width=&#8221;0&#8243; shift_x=&#8221;0&#8243; shift_y=&#8221;0&#8243; z_index=&#8221;0&#8243;][vc_column_text]Quan precisem obtenir informaci\u00f3 per la seva banda, sempre li sol\u00b7licitarem que ens la proporcioni volunt\u00e0riament de forma expressa. Les dades seran recaptades a trav\u00e9s dels formularis de recollida de dades del lloc web o altres vies.<\/p>\n<table class=\" alignleft\" style=\"height: 772px;\" width=\"752\">\n<tbody>\n<tr>\n<td width=\"221\"><strong>Informaci\u00f3 b\u00e1sica sobre Protecci\u00f3 de Dades.<\/strong><\/td>\n<td width=\"216\"><strong>\u00a0<\/strong><\/td>\n<\/tr>\n<tr>\n<td width=\"221\">Responsable:<\/td>\n<td width=\"216\">Galo Bertran Machicao<\/td>\n<\/tr>\n<tr>\n<td width=\"221\">Finalitat:<\/td>\n<td width=\"216\">Oferiment i prestaci\u00f3 dels productes sol.licitats (clients). Gesti\u00f3 i contacte amb els usuaris que es registren o accedeixen volunt\u00e0riament en la p\u00e0gina web per a oferir-los els nostres serveis.<\/td>\n<\/tr>\n<tr>\n<td width=\"221\">Legitimaci\u00f3:<\/td>\n<td width=\"216\">\n<ul>\n<li>Execuci\u00f3 d\u00b4un contracte-pressupost: (clients)<\/li>\n<li>\u00a0Consentiment de l\u00b4interessat.<\/li>\n<\/ul>\n<\/td>\n<\/tr>\n<tr>\n<td width=\"221\">Destinataris:<\/td>\n<td width=\"216\">Organitzacions o persones directament relacionades amb el responsable i entitats amb l&#8217;exist\u00e8ncia d&#8217;obligaci\u00f3 legal.<\/td>\n<\/tr>\n<tr>\n<td width=\"221\">Drets:<\/td>\n<td width=\"216\">T\u00e9 dret a accedir, rectificar i suprimir les dades, aix\u00ed com altres drets, indicats en la informaci\u00f3 adicional, que pot exercir dirigint-se a l\u00b4adre\u00e7a del responsable del tractament en: <a href=\"mailto:galo@epocaepica.com\">galo@epocaepica.com<\/a><\/td>\n<\/tr>\n<tr>\n<td width=\"221\">Proced\u00e8ncia:<\/td>\n<td width=\"216\">El propi interessat.<\/td>\n<\/tr>\n<tr>\n<td width=\"221\"><strong>Informaci\u00f3 adicional:<\/strong><\/td>\n<td width=\"216\">Pot consultar informaci\u00f3 adicional i detallada sobre Protecci\u00f3 de Dades en la continuaci\u00f3n d\u00b4aquest document.<\/td>\n<\/tr>\n<\/tbody>\n<\/table>\n<h2><\/h2>\n<p>&nbsp;<\/p>\n<h2 style=\"text-align: left;\"><strong><u>Informaci\u00f3 addicional <\/u><\/strong><\/h2>\n<p style=\"text-align: left;\"><strong>Qui \u00e9s el responsable del tractament de les seves dades?<\/strong><\/p>\n<p style=\"text-align: left;\">Identitat: Galo Bertran Machicao\u00a0 \u00a0 \u00a0 \u00a0 \u00a0 \u00a0 \u00a0 \u00a0 \u00a0NIF: 47100860-B<\/p>\n<p style=\"text-align: left;\">Adre\u00e7a postal: C\/Pintor Fuster, 154, 43205, Reus,(Tarragona).<\/p>\n<p style=\"text-align: left;\">Tel\u00e8fon: 629 82 86 33<\/p>\n<p style=\"text-align: left;\">Correu electr\u00f2nic: <a href=\"mailto:galo@epocaepica.com\">galo@epocaepica.com<\/a><\/p>\n<p style=\"text-align: left;\"><strong>Amb quina finalitat tractem les seves dades personals?<\/strong><\/p>\n<p style=\"text-align: left;\">Galo Bertran Machicao \u201c\u00capoca \u00capica\u201d Propietari de la Web tractem la informaci\u00f3 que ens faciliten les persones interessades amb la finalitat de realitzar : gesti\u00f3 fiscal,contable y administrativa (clients), Gesti\u00f3 i contacte amb els usuaris que es registren o accedeixen volunt\u00e0riament en la p\u00e0gina web per a oferir-los els nostres serveis.\u00a0\u00a0 Respondre a les seves consultes.<\/p>\n<p style=\"text-align: left;\"><strong>Per quant temps conservarem les seves dades?<\/strong><\/p>\n<p style=\"text-align: left;\">Les dades es conservaran mentre no ens sol\u00b7liciti la seva supressi\u00f3 i en qualsevol cas durant els anys necessaris per complir amb les obligacions legals.<\/p>\n<p style=\"text-align: left;\"><strong>Quin \u00e9s la legitimaci\u00f3 per al tractament de les seves dades?<\/strong><\/p>\n<p style=\"text-align: left;\">Li indiquem la base legal per al tractament de les seves dades:<\/p>\n<p style=\"text-align: left;\">\u00a0\u00a0\u00a0\u00a0\u00a0\u00a0\u00a0\u00a0\u00a0\u00a0\u00a0 <u>Execuci\u00f3 d&#8217;un contracte-presssupost-demanda <\/u>: Oferiment i prestaci\u00f3 dels productes sol.licitats.(clients).<\/p>\n<p style=\"text-align: left;\">\u00a0\u00a0\u00a0\u00a0\u00a0\u00a0\u00a0\u00a0\u00a0\u00a0\u00a0 <u>Consentiment de l&#8217;interessat<\/u>: Enviament de comunicacions comercials, atendre les seves consultes.<\/p>\n<p style=\"text-align: left;\"><strong><u>A quins destinataris es comunicaran les seves dades?<\/u><\/strong><\/p>\n<p style=\"text-align: left;\">Organitzacions o persones directament relacionades amb el responsable (Prestadors de serveis amb els quals existeixi un Contracte de Prestaci\u00f3 de Serveis d\u00b4acord amb l\u00b4article 28 del RGPS-UE) i entitats amb l&#8217;exist\u00e8ncia d&#8217;obligaci\u00f3 legal.<\/p>\n<p style=\"text-align: left;\"><strong><u>Transfer\u00e8ncies de dades a tercers pa\u00efsos?<\/u><\/strong><\/p>\n<p style=\"text-align: left;\">No estan previstes transfer\u00e8ncies de dades a tercers pa\u00efsos.<\/p>\n<p style=\"text-align: left;\"><strong><u>Quins s\u00f3n els seus drets quan ens facilita les seves dades?<\/u><\/strong><\/p>\n<p style=\"text-align: left;\">Qualsevol persona t\u00e9 dret a obtenir confirmaci\u00f3 sobre si Galo Bertran Machicao \u201c\u00capoca \u00capica\u201d est\u00e0 tractant dades personals que els concerneixin, o no.<\/p>\n<p style=\"text-align: left;\">Les persones interessades tenen dret a accedir a les seves dades personals, aix\u00ed com a sol\u00b7licitar la rectificaci\u00f3 de les dades inexactes o, si escau, sol\u00b7licitar la seva supressi\u00f3 quan, entre altres motius, les dades ja no siguin necessaris per a les finalitats que van ser recollits.<\/p>\n<p style=\"text-align: left;\">En determinades circumst\u00e0ncies, els interessats podran sol\u00b7licitar la limitaci\u00f3 del tractament de les seves dades, en aquest cas \u00fanicament els conservarem per a l&#8217;exercici o la defensa de reclamacions.<\/p>\n<p style=\"text-align: left;\">En determinades circumst\u00e0ncies i per motius relacionats amb la seva situaci\u00f3 particular, els interessats podran oposar-se al tractament de les seves dades. En aquest cas, Galo Bertran Machicao \u201c\u00capoca \u00capica\u201d deixar\u00e0 de tractar les dades, excepte per motius leg\u00edtims imperiosos, o l&#8217;exercici o la defensa de possibles reclamacions.<\/p>\n<p style=\"text-align: left;\">Podr\u00e0 exercitar materialment els seus drets de la seg\u00fcent forma: T\u00e9 dret a accedir, rectificar i suprimir les dades, aix\u00ed com la portabilitat de les seves dades, que pot exercir en l\u00b4adre\u00e7a del propietari de la web.<\/p>\n<p style=\"text-align: left;\">Si ha atorgat el seu consentiment per a alguna finalitat concreta, t\u00e9 dret a retirar el consentiment atorgat a qualsevol moment, sense que aix\u00f2 afecti a la licitud del tractament basat en el consentiment previ a la seva retirada.<\/p>\n<p style=\"text-align: left;\">En cas que senti vulnerats els seus drets pel que concerneix la protecci\u00f3 de les seves dades personals, especialment quan no hagi obtingut satisfacci\u00f3 en l&#8217;exercici dels seus drets, pot presentar una reclamaci\u00f3 davant l&#8217;Autoritat de Control en mat\u00e8ria de Protecci\u00f3 de Dades competent a trav\u00e9s del seu lloc web: <a href=\"http:\/\/www.agpd.es\">www.agpd.es<\/a>.<\/p>\n<p style=\"text-align: left;\"><strong><u>COM HEM OBTINGUT LES SEVES DADES?<\/u><\/strong><\/p>\n<p style=\"text-align: left;\">Les dades personals que tracta Galo Bertran Machicao \u201c\u00capoca \u00capica\u201d. procedeixen del propi interessat.<\/p>\n<p style=\"text-align: left;\">No es tracten categories especials de dades personals (s\u00f3n aquelles dades que revelin l&#8217;origen \u00e8tnic o racial, les opinions pol\u00edtiques, les conviccions religioses o filos\u00f2fiques, o l&#8217;afiliaci\u00f3 sindical, dades gen\u00e8tiques, dades biom\u00e8triques dirigides a identificar de manera un\u00edvoca a una persona f\u00edsica, dades relatives a la salut o dades relatives a la vida sexual o l&#8217;orientaci\u00f3 sexual d&#8217;una persona f\u00edsica).<\/p>\n<p style=\"text-align: left;\">EL PROPIETARI DE LA WEB podr\u00e0 utilitzar cookies durant la prestaci\u00f3 de serveis del lloc web. Les cookies s\u00f3n fitxers f\u00edsics d&#8217;informaci\u00f3 personal allotjats en el propi terminal de l&#8217;usuari. L&#8217;usuari t\u00e9 la possibilitat de configurar el seu programa navegador de manera que s&#8217;impedeixi la creaci\u00f3 d&#8217;arxius cookie o s&#8217;adverteixi de la mateixa.<\/p>\n<p style=\"text-align: left;\">Galo Bertran Machicao \u201c\u00capoca \u00capica\u201d adopta els nivells de seguretat corresponents requerits per REGLAMENT (UE) 2016\/679 DEL PARLAMENT EUROPEU I DEL CONSELL i altra normativa aplicable. No obstant aix\u00f2, no pot garantir l&#8217;absoluta invulnerabilidad dels sistemes, per tant, no assumeix cap responsabilitat pels danys i perjudicis derivats d&#8217;alteracions que tercers puguin causar en els sistemes inform\u00e0tics, documents electr\u00f2nics o fitxers de l&#8217;usuari.<\/p>\n<p style=\"text-align: left;\">Si opta per abandonar el nostre lloc web a trav\u00e9s d&#8217;enlla\u00e7os a llocs web no pertanyents a la nostra entitat, Galo Bertran Machicao \u201c\u00capoca \u00capica\u201d no es far\u00e0 responsable de les pol\u00edtiques de privadesa d&#8217;aquests llocs web ni de les cookies que aquests puguin emmagatzemar en l&#8217;ordinador de l&#8217;usuari.<\/p>\n<p style=\"text-align: left;\">La nostra pol\u00edtica pel que fa al correu electr\u00f2nic se centra a remetre \u00fanicament comunicacions que vost\u00e8 hagi sol\u00b7licitat rebre.<\/p>\n<p style=\"text-align: left;\">Si prefereix no rebre aquests missatges per correu electr\u00f2nic li oferirem a trav\u00e9s dels mateixos la possibilitat d&#8217;exercir el seu dret de cancel\u00b7laci\u00f3 i ren\u00fancia a la recepci\u00f3 d&#8217;aquests missatges, de conformitat amb el que es disposa en el T\u00edtol III, article 22 de la Llei 34\/2002, de Serveis per a la Societat de la Informaci\u00f3 i de Comer\u00e7 Electr\u00f2nic.<\/p>\n<h2><strong><u>LEGISLACI\u00d3 APLICABLE<\/u><\/strong><\/h2>\n<p>Les condicions presents es regiran per la legislaci\u00f3 espanyola vigent[\/vc_column_text][\/vc_column][\/vc_row]<\/p>\n","protected":false},"excerpt":{"rendered":"<p>[vc_row row_height_percent=&#8221;0&#8243; override_padding=&#8221;yes&#8221; h_padding=&#8221;2&#8243; top_padding=&#8221;4&#8243; bottom_padding=&#8221;0&#8243; overlay_alpha=&#8221;50&#8243; gutter_size=&#8221;3&#8243; shift_y=&#8221;0&#8243;][vc_column column_width_percent=&#8221;100&#8243; align_horizontal=&#8221;align_center&#8221; overlay_alpha=&#8221;50&#8243; gutter_size=&#8221;3&#8243; medium_width=&#8221;0&#8243; shift_x=&#8221;0&#8243; shift_y=&#8221;0&#8243; z_index=&#8221;0&#8243;][vc_custom_heading heading_semantic=&#8221;h1&#8243; text_size=&#8221;fontsize-338686&#8243; text_space=&#8221;fontspace-111509&#8243; [&hellip;]<\/p>\n","protected":false},"author":1,"featured_media":0,"parent":0,"menu_order":0,"comment_status":"open","ping_status":"closed","template":"","meta":{"om_disable_all_campaigns":false,"_monsterinsights_skip_tracking":false,"_monsterinsights_sitenote_active":false,"_monsterinsights_sitenote_note":"","_monsterinsights_sitenote_category":0,"footnotes":""},"class_list":["post-24363","page","type-page","status-publish","hentry"],"_links":{"self":[{"href":"http:\/\/epocaepica.com\/index.php\/wp-json\/wp\/v2\/pages\/24363","targetHints":{"allow":["GET"]}}],"collection":[{"href":"http:\/\/epocaepica.com\/index.php\/wp-json\/wp\/v2\/pages"}],"about":[{"href":"http:\/\/epocaepica.com\/index.php\/wp-json\/wp\/v2\/types\/page"}],"author":[{"embeddable":true,"href":"http:\/\/epocaepica.com\/index.php\/wp-json\/wp\/v2\/users\/1"}],"replies":[{"embeddable":true,"href":"http:\/\/epocaepica.com\/index.php\/wp-json\/wp\/v2\/comments?post=24363"}],"version-history":[{"count":2,"href":"http:\/\/epocaepica.com\/index.php\/wp-json\/wp\/v2\/pages\/24363\/revisions"}],"predecessor-version":[{"id":73554,"href":"http:\/\/epocaepica.com\/index.php\/wp-json\/wp\/v2\/pages\/24363\/revisions\/73554"}],"wp:attachment":[{"href":"http:\/\/epocaepica.com\/index.php\/wp-json\/wp\/v2\/media?parent=24363"}],"curies":[{"name":"wp","href":"https:\/\/api.w.org\/{rel}","templated":true}]}}